{"id":2004,"date":"2026-02-20T09:33:45","date_gmt":"2026-02-20T08:33:45","guid":{"rendered":"https:\/\/v2.galerie-marel.com\/?post_type=product&#038;p=2004"},"modified":"2026-03-16T17:56:45","modified_gmt":"2026-03-16T16:56:45","slug":"poul-kjaerholm-elementer-chairs-fritz-halvorsens","status":"publish","type":"product","link":"https:\/\/galerie-marel.com\/fr\/collection\/poul-kjaerholm-elementer-chairs-fritz-halvorsens\/","title":{"rendered":"Poul Kj\u00e6rholm, suite de 4 chaises \u201cBeton Elementer\u201d. Fritz Halvorsens Betonvarefabrik. Danemark, C.1954"},"content":{"rendered":"<p data-start=\"370\" data-end=\"530\">Exceptionnelle suite de quatre chaises en b\u00e9ton arm\u00e9, dessin\u00e9es par Poul Kj\u00e6rholm et produites par Fritz Halvorsens Betonvarefabrik entre 1954 et 1964.<\/p>\n<p data-start=\"532\" data-end=\"813\">D\u00e9velopp\u00e9 en 1954, ce mod\u00e8le s\u2019inscrit dans les premi\u00e8res recherches de Kj\u00e6rholm autour de la conception en mat\u00e9riau unique. S\u2019inspirant notamment de la Zig Zag Chair de Gerrit Rietveld, il transpose cette logique structurelle au b\u00e9ton moul\u00e9, donnant naissance au syst\u00e8me modulaire \u201cBeton Elementer\u201d compos\u00e9 de chaises et de tables.<\/p>\n<p>Le projet fut command\u00e9 par Niels Lauritz Dam, responsable de l\u2019am\u00e9nagement des routes dans le nord-ouest du Danemark. Poul Kj\u00e6rholm fut charg\u00e9 de concevoir des \u00e9l\u00e9ments de mobilier capables de r\u00e9sister aux conditions ext\u00e9rieures tout en pouvant s\u2019adapter \u00e0 diff\u00e9rents sites en bord de route.\nEn r\u00e9ponse, il d\u00e9veloppa un syst\u00e8me modulaire permettant aux \u00e9l\u00e9ments d\u2019\u00eatre utilis\u00e9s individuellement ou combin\u00e9s pour former des ensembles de longueurs variables. Install\u00e9s sur une vingtaine de sites, ces \u00e9l\u00e9ments, ancr\u00e9s sous la ligne de gel, furent con\u00e7us pour s'int\u00e9grer de mani\u00e8re permanente dans le paysage.<\/p>\n<p data-start=\"1441\" data-end=\"1750\">Les chaises pr\u00e9sent\u00e9es ici sont conserv\u00e9es dans leur \u00e9tat d\u2019origine et demeurent structurellement saines. Elles pr\u00e9sentent des traces du temps, notamment des pertes de peinture, une usure de surface ainsi qu\u2019une fissure stable, coh\u00e9rentes avec une longue exposition ext\u00e9rieure. Cette patine, indissociable de leur histoire, refl\u00e8te l\u2019intention initiale de Kj\u00e6rholm pour les \u201cBeton Elementer\u201d \u2014 con\u00e7us pour endurer le temps.<\/p>\n<p data-start=\"1752\" data-end=\"1890\">Propos\u00e9es aujourd\u2019hui sous la forme d\u2019une suite compl\u00e8te de quatre, ces chaises constituent l\u2019un des chapitres les plus rares et les plus singuliers de l\u2019\u0153uvre de Kj\u00e6rholm.<\/p>\n<p data-start=\"1892\" data-end=\"2036\">Bibliographie : Michael Sheridan en collaboration avec le Louisiana Museum of Modern Art, Poul Kj\u00e6rholm: Furniture Architect, 2006, pp. 51, 53. <em data-start=\"1981\" data-end=\"2017\">Poul Kj\u00e6rholm: Furniture Architect<\/em>, 2006, pp. 51, 53.<\/p>","protected":false},"excerpt":{"rendered":"<dl class=\"product-meta\">\n<dt>Designer<\/dt>\n<dd>Poul Kj\u00e6rholm<\/dd>\n<dt>Editeur<\/dt>\n<dd>Fritz Halvorsens Betonvarefabrik<\/dd>\n<dt>P\u00e9riode<\/dt>\n<dd>1950s<\/dd>\n<dt>Style<\/dt>\n<dd>Scandinave<\/dd>\n<dt>\u00c9tat<\/dt>\n<dd>Patine, usure du temps et d'usage incluant manques de peinture, dommages de surface et une fissure stable<\/dd>\n<dt>Dimensions<\/dt>\n<dd>L 48 x H 71 x P 57 cm \u2013 Hauteur d'assise : 44 cm \u2013 Hauteur totale hors sol : 130 cm<\/dd>\n<dt>Mat\u00e9riaux<\/dt>\n<dd>B\u00e9ton arm\u00e9<\/dd>\n<\/dl>\n<p>&nbsp;<\/p>","protected":false},"featured_media":1863,"template":"","meta":{"site-sidebar-layout":"default","site-content-layout":"","ast-site-content-layout":"default","site-content-style":"default","site-sidebar-style":"default","ast-global-header-display":"","ast-banner-title-visibility":"","ast-main-header-display":"","ast-hfb-above-header-display":"","ast-hfb-below-header-display":"","ast-hfb-mobile-header-display":"","site-post-title":"","ast-breadcrumbs-content":"","ast-featured-img":"","footer-sml-layout":"","ast-disable-related-posts":"","theme-transparent-header-meta":"default","adv-header-id-meta":"","stick-header-meta":"","header-above-stick-meta":"","header-main-stick-meta":"","header-below-stick-meta":"","astra-migrate-meta-layouts":"set","ast-page-background-enabled":"default","ast-page-background-meta":{"desktop":{"background-color":"var(--ast-global-color-5)","background-image":"","background-repeat":"repeat","background-position":"center center","background-size":"auto","background-attachment":"scroll","background-type":"","background-media":"","overlay-type":"","overlay-color":"","overlay-opacity":"","overlay-gradient":""},"tablet":{"background-color":"","background-image":"","background-repeat":"repeat","background-position":"center center","background-size":"auto","background-attachment":"scroll","background-type":"","background-media":"","overlay-type":"","overlay-color":"","overlay-opacity":"","overlay-gradient":""},"mobile":{"background-color":"","background-image":"","background-repeat":"repeat","background-position":"center center","background-size":"auto","background-attachment":"scroll","background-type":"","background-media":"","overlay-type":"","overlay-color":"","overlay-opacity":"","overlay-gradient":""}},"ast-content-background-meta":{"desktop":{"background-color":"var(--ast-global-color-4)","background-image":"","background-repeat":"repeat","background-position":"center center","background-size":"auto","background-attachment":"scroll","background-type":"","background-media":"","overlay-type":"","overlay-color":"","overlay-opacity":"","overlay-gradient":""},"tablet":{"background-color":"var(--ast-global-color-4)","background-image":"","background-repeat":"repeat","background-position":"center center","background-size":"auto","background-attachment":"scroll","background-type":"","background-media":"","overlay-type":"","overlay-color":"","overlay-opacity":"","overlay-gradient":""},"mobile":{"background-color":"var(--ast-global-color-4)","background-image":"","background-repeat":"repeat","background-position":"center center","background-size":"auto","background-attachment":"scroll","background-type":"","background-media":"","overlay-type":"","overlay-color":"","overlay-opacity":"","overlay-gradient":""}}},"product_brand":[],"product_cat":[22],"product_tag":[],"class_list":{"0":"post-2004","1":"product","2":"type-product","3":"status-publish","4":"has-post-thumbnail","6":"product_cat-collection","7":"desktop-align-left","8":"tablet-align-left","9":"mobile-align-left","11":"first","12":"instock","13":"featured","14":"shipping-taxable","15":"purchasable","16":"product-type-simple"},"_links":{"self":[{"href":"https:\/\/galerie-marel.com\/fr\/wp-json\/wp\/v2\/product\/2004","targetHints":{"allow":["GET"]}}],"collection":[{"href":"https:\/\/galerie-marel.com\/fr\/wp-json\/wp\/v2\/product"}],"about":[{"href":"https:\/\/galerie-marel.com\/fr\/wp-json\/wp\/v2\/types\/product"}],"wp:featuredmedia":[{"embeddable":true,"href":"https:\/\/galerie-marel.com\/fr\/wp-json\/wp\/v2\/media\/1863"}],"wp:attachment":[{"href":"https:\/\/galerie-marel.com\/fr\/wp-json\/wp\/v2\/media?parent=2004"}],"wp:term":[{"taxonomy":"product_brand","embeddable":true,"href":"https:\/\/galerie-marel.com\/fr\/wp-json\/wp\/v2\/product_brand?post=2004"},{"taxonomy":"product_cat","embeddable":true,"href":"https:\/\/galerie-marel.com\/fr\/wp-json\/wp\/v2\/product_cat?post=2004"},{"taxonomy":"product_tag","embeddable":true,"href":"https:\/\/galerie-marel.com\/fr\/wp-json\/wp\/v2\/product_tag?post=2004"}],"curies":[{"name":"wp","href":"https:\/\/api.w.org\/{rel}","templated":true}]}}