{"id":4908,"date":"2026-02-19T19:32:14","date_gmt":"2026-02-19T18:32:14","guid":{"rendered":"https:\/\/galerie-marel.com\/?post_type=product&#038;p=4908"},"modified":"2026-03-05T22:45:10","modified_gmt":"2026-03-05T21:45:10","slug":"sigfred-omann-pair-of-stools-in-oak-and-cane-for-olholm-mobelfabrik-denmark-1950s","status":"publish","type":"product","link":"https:\/\/galerie-marel.com\/fr\/collection\/sigfred-omann-pair-of-stools-in-oak-and-cane-for-olholm-mobelfabrik-denmark-1950s\/","title":{"rendered":"Sigfred Omann, paire de tabourets en ch\u00eane et cannage pour \u00d8lholm M\u00f8belfabrik. Danemark, C.1950"},"content":{"rendered":"<p data-start=\"650\" data-end=\"746\">Cette paire de tabourets a \u00e9t\u00e9 dessin\u00e9e par Sigfred Omann pour \u00d8lholm M\u00f8belfabrik, Danemark, dans les ann\u00e9es 1950.<\/p>\n<p data-start=\"748\" data-end=\"925\">Membre de la famille d\u2019\u00e9b\u00e9nistes Omann bas\u00e9e \u00e0 \u00d8lholm, Sigfred Omann a travaill\u00e9 au sein de l\u2019atelier familial fond\u00e9 en 1892 par son p\u00e8re, Niels Omann, qu\u2019il reprendra par la suite.<\/p>\n<p data-start=\"927\" data-end=\"1096\">La structure en ch\u00eane massif, avec ses pieds ronds et fusel\u00e9s et son assise en cannage tress\u00e9 \u00e0 la main, dessine une silhouette l\u00e9g\u00e8re, organique et \u00e9quilibr\u00e9e, caract\u00e9ristique du design danois du milieu du XXe si\u00e8cle.<\/p>\n<p data-start=\"425\" data-end=\"608\">Les tabourets sont propos\u00e9s en excellent \u00e9tat : la structure en ch\u00eane a \u00e9t\u00e9 soigneusement nettoy\u00e9e tout en conservant sa finition d\u2019origine, et les assises ont \u00e9t\u00e9 recann\u00e9es.<\/p>","protected":false},"excerpt":{"rendered":"<dl class=\"product-meta\">\n<dt>Designer<\/dt>\n<dd>Sigfred Omann<\/dd>\n<dt>Editeur<\/dt>\n<dd>\u00d8lholm M\u00f8belfabrik<\/dd>\n<dt>P\u00e9riode<\/dt>\n<dd>1950s<\/dd>\n<dt>Style<\/dt>\n<dd>Scandinave<\/dd>\n<dt>\u00c9tat<\/dt>\n<dd>Tr\u00e8s bonne<\/dd>\n<dt>Dimensions<\/dt>\n<dd>L 54 x P 36 x H 42 cm<\/dd>\n<dt>Mat\u00e9riaux<\/dt>\n<dd>Ch\u00eane, cannage<\/dd>\n<\/dl>\n<p>&nbsp;<\/p>","protected":false},"featured_media":4924,"template":"","meta":{"site-sidebar-layout":"default","site-content-layout":"","ast-site-content-layout":"default","site-content-style":"default","site-sidebar-style":"default","ast-global-header-display":"","ast-banner-title-visibility":"","ast-main-header-display":"","ast-hfb-above-header-display":"","ast-hfb-below-header-display":"","ast-hfb-mobile-header-display":"","site-post-title":"","ast-breadcrumbs-content":"","ast-featured-img":"","footer-sml-layout":"","ast-disable-related-posts":"","theme-transparent-header-meta":"default","adv-header-id-meta":"","stick-header-meta":"","header-above-stick-meta":"","header-main-stick-meta":"","header-below-stick-meta":"","astra-migrate-meta-layouts":"set","ast-page-background-enabled":"default","ast-page-background-meta":{"desktop":{"background-color":"var(--ast-global-color-5)","background-image":"","background-repeat":"repeat","background-position":"center center","background-size":"auto","background-attachment":"scroll","background-type":"","background-media":"","overlay-type":"","overlay-color":"","overlay-opacity":"","overlay-gradient":""},"tablet":{"background-color":"","background-image":"","background-repeat":"repeat","background-position":"center center","background-size":"auto","background-attachment":"scroll","background-type":"","background-media":"","overlay-type":"","overlay-color":"","overlay-opacity":"","overlay-gradient":""},"mobile":{"background-color":"","background-image":"","background-repeat":"repeat","background-position":"center center","background-size":"auto","background-attachment":"scroll","background-type":"","background-media":"","overlay-type":"","overlay-color":"","overlay-opacity":"","overlay-gradient":""}},"ast-content-background-meta":{"desktop":{"background-color":"var(--ast-global-color-4)","background-image":"","background-repeat":"repeat","background-position":"center center","background-size":"auto","background-attachment":"scroll","background-type":"","background-media":"","overlay-type":"","overlay-color":"","overlay-opacity":"","overlay-gradient":""},"tablet":{"background-color":"var(--ast-global-color-4)","background-image":"","background-repeat":"repeat","background-position":"center center","background-size":"auto","background-attachment":"scroll","background-type":"","background-media":"","overlay-type":"","overlay-color":"","overlay-opacity":"","overlay-gradient":""},"mobile":{"background-color":"var(--ast-global-color-4)","background-image":"","background-repeat":"repeat","background-position":"center center","background-size":"auto","background-attachment":"scroll","background-type":"","background-media":"","overlay-type":"","overlay-color":"","overlay-opacity":"","overlay-gradient":""}}},"product_brand":[],"product_cat":[22],"product_tag":[],"class_list":{"0":"post-4908","1":"product","2":"type-product","3":"status-publish","4":"has-post-thumbnail","6":"product_cat-collection","7":"desktop-align-left","8":"tablet-align-left","9":"mobile-align-left","11":"first","12":"instock","13":"shipping-taxable","14":"product-type-simple"},"_links":{"self":[{"href":"https:\/\/galerie-marel.com\/fr\/wp-json\/wp\/v2\/product\/4908","targetHints":{"allow":["GET"]}}],"collection":[{"href":"https:\/\/galerie-marel.com\/fr\/wp-json\/wp\/v2\/product"}],"about":[{"href":"https:\/\/galerie-marel.com\/fr\/wp-json\/wp\/v2\/types\/product"}],"wp:featuredmedia":[{"embeddable":true,"href":"https:\/\/galerie-marel.com\/fr\/wp-json\/wp\/v2\/media\/4924"}],"wp:attachment":[{"href":"https:\/\/galerie-marel.com\/fr\/wp-json\/wp\/v2\/media?parent=4908"}],"wp:term":[{"taxonomy":"product_brand","embeddable":true,"href":"https:\/\/galerie-marel.com\/fr\/wp-json\/wp\/v2\/product_brand?post=4908"},{"taxonomy":"product_cat","embeddable":true,"href":"https:\/\/galerie-marel.com\/fr\/wp-json\/wp\/v2\/product_cat?post=4908"},{"taxonomy":"product_tag","embeddable":true,"href":"https:\/\/galerie-marel.com\/fr\/wp-json\/wp\/v2\/product_tag?post=4908"}],"curies":[{"name":"wp","href":"https:\/\/api.w.org\/{rel}","templated":true}]}}