{"id":4938,"date":"2026-03-03T10:00:17","date_gmt":"2026-03-03T09:00:17","guid":{"rendered":"https:\/\/galerie-marel.com\/?post_type=product&#038;p=4938"},"modified":"2026-03-15T20:59:15","modified_gmt":"2026-03-15T19:59:15","slug":"gerard-rigot-peacock-dressing-table","status":"publish","type":"product","link":"https:\/\/galerie-marel.com\/fr\/collection\/gerard-rigot-peacock-dressing-table\/","title":{"rendered":"G\u00e9rard Rigot, Coiffeuse aux paons. France, 1992"},"content":{"rendered":"<p data-start=\"103\" data-end=\"325\">Il y a l\u2019Art D\u00e9co, l\u2019Art Nouveau ; il y a le design, le modernisme ou Memphis\u2026 Et puis il y a des pi\u00e8ces qui \u00e9chappent \u00e0 toute classification. Les cr\u00e9ations de G\u00e9rard Rigot, comme issues d\u2019une fable, appartiennent tr\u00e8s probablement \u00e0 cette derni\u00e8re cat\u00e9gorie.<\/p>\n<p data-start=\"327\" data-end=\"501\">Faite de bois sculpt\u00e9 et enti\u00e8rement peinte \u00e0 la main, cette remarquable coiffeuse, flanqu\u00e9e de deux paons, s\u2019inscrit dans le bestiaire enchant\u00e9 de Rigot, o\u00f9 le mobilier devient sculpture.<\/p>\n<p data-start=\"503\" data-end=\"984\">L\u2019usage caract\u00e9ristique qu\u2019a G\u00e9rard Rigot de la couleur \u2014 parfois naturaliste, toujours expressive \u2014 anime la surface. Le miroir pivotant, encadr\u00e9 d\u2019une bordure en damier qui conserve encore les traces de crayon du trac\u00e9 initial, semble flotter entre les cous des paons. En dessous, des d\u00e9tails sculpt\u00e9s et ajour\u00e9s aux teintes vives \u00e9voquent un jardin en fleurs, tandis que les pieds avant \u00e9lanc\u00e9s, peints de motifs \u00e9voquant fleurs ou plumes, apportent \u00e0 l\u2019ensemble une l\u00e9g\u00e8ret\u00e9 certaine et dialoguent avec le tabouret assorti.<\/p>\n<p data-start=\"986\" data-end=\"1118\">La coiffeuse ouvre par deux tiroirs en ceinture ainsi que deux compartiments dissimul\u00e9s sous les queues des paons.<\/p>\n<p data-start=\"1120\" data-end=\"1374\">N\u00e9 en 1929, Rigot commence \u00e0 sculpter du mobilier pour lui-m\u00eame et sa famille apr\u00e8s avoir quitt\u00e9 Paris pour la campagne du sud-ouest, o\u00f9 il acquiert une menuiserie. Ses cr\u00e9ations zoomorphes brouillent avec malice la fronti\u00e8re entre art et mobilier.<\/p>\n<p data-start=\"1376\" data-end=\"1667\">\u00c0 la fin des ann\u00e9es 1980, son travail voyage de Paris \u00e0 New York, Londres et Zurich, s\u00e9duisant des collectionneurs attir\u00e9s par son caract\u00e8re singulier. Chaque pi\u00e8ce, bien qu\u2019unique, conserve ce qui fait l\u2019univers de G\u00e9rard Rigot : une sensibilit\u00e9 po\u00e9tique, la main visible et un usage espi\u00e8gle des formes et des couleurs.<\/p>","protected":false},"excerpt":{"rendered":"<dl class=\"product-meta\">\n<dt>Designer<\/dt>\n<dd>G\u00e9rard Rigot<\/dd>\n<dt>P\u00e9riode<\/dt>\n<dd>1992<\/dd>\n<dt>\u00c9tat<\/dt>\n<dd>Traces d'usage et patine du temps, tr\u00e8s bon \u00e9tat g\u00e9n\u00e9ral.<\/dd>\n<dt>Dimensions<\/dt>\n<dd>L 95 x H 126 x P 47 \u2013 tabouret : L 34 x P 29 x H 42 cm<\/dd>\n<dt>Mat\u00e9riaux<\/dt>\n<dd>Carved wood<\/dd>\n<\/dl>\n<p>&nbsp;<\/p>","protected":false},"featured_media":4959,"template":"","meta":{"site-sidebar-layout":"default","site-content-layout":"","ast-site-content-layout":"default","site-content-style":"default","site-sidebar-style":"default","ast-global-header-display":"","ast-banner-title-visibility":"","ast-main-header-display":"","ast-hfb-above-header-display":"","ast-hfb-below-header-display":"","ast-hfb-mobile-header-display":"","site-post-title":"","ast-breadcrumbs-content":"","ast-featured-img":"","footer-sml-layout":"","ast-disable-related-posts":"","theme-transparent-header-meta":"default","adv-header-id-meta":"","stick-header-meta":"","header-above-stick-meta":"","header-main-stick-meta":"","header-below-stick-meta":"","astra-migrate-meta-layouts":"set","ast-page-background-enabled":"default","ast-page-background-meta":{"desktop":{"background-color":"var(--ast-global-color-5)","background-image":"","background-repeat":"repeat","background-position":"center center","background-size":"auto","background-attachment":"scroll","background-type":"","background-media":"","overlay-type":"","overlay-color":"","overlay-opacity":"","overlay-gradient":""},"tablet":{"background-color":"","background-image":"","background-repeat":"repeat","background-position":"center center","background-size":"auto","background-attachment":"scroll","background-type":"","background-media":"","overlay-type":"","overlay-color":"","overlay-opacity":"","overlay-gradient":""},"mobile":{"background-color":"","background-image":"","background-repeat":"repeat","background-position":"center center","background-size":"auto","background-attachment":"scroll","background-type":"","background-media":"","overlay-type":"","overlay-color":"","overlay-opacity":"","overlay-gradient":""}},"ast-content-background-meta":{"desktop":{"background-color":"var(--ast-global-color-4)","background-image":"","background-repeat":"repeat","background-position":"center center","background-size":"auto","background-attachment":"scroll","background-type":"","background-media":"","overlay-type":"","overlay-color":"","overlay-opacity":"","overlay-gradient":""},"tablet":{"background-color":"var(--ast-global-color-4)","background-image":"","background-repeat":"repeat","background-position":"center center","background-size":"auto","background-attachment":"scroll","background-type":"","background-media":"","overlay-type":"","overlay-color":"","overlay-opacity":"","overlay-gradient":""},"mobile":{"background-color":"var(--ast-global-color-4)","background-image":"","background-repeat":"repeat","background-position":"center center","background-size":"auto","background-attachment":"scroll","background-type":"","background-media":"","overlay-type":"","overlay-color":"","overlay-opacity":"","overlay-gradient":""}}},"product_brand":[],"product_cat":[22],"product_tag":[],"class_list":{"0":"post-4938","1":"product","2":"type-product","3":"status-publish","4":"has-post-thumbnail","6":"product_cat-collection","7":"desktop-align-left","8":"tablet-align-left","9":"mobile-align-left","11":"first","12":"instock","13":"shipping-taxable","14":"purchasable","15":"product-type-simple"},"_links":{"self":[{"href":"https:\/\/galerie-marel.com\/fr\/wp-json\/wp\/v2\/product\/4938","targetHints":{"allow":["GET"]}}],"collection":[{"href":"https:\/\/galerie-marel.com\/fr\/wp-json\/wp\/v2\/product"}],"about":[{"href":"https:\/\/galerie-marel.com\/fr\/wp-json\/wp\/v2\/types\/product"}],"wp:featuredmedia":[{"embeddable":true,"href":"https:\/\/galerie-marel.com\/fr\/wp-json\/wp\/v2\/media\/4959"}],"wp:attachment":[{"href":"https:\/\/galerie-marel.com\/fr\/wp-json\/wp\/v2\/media?parent=4938"}],"wp:term":[{"taxonomy":"product_brand","embeddable":true,"href":"https:\/\/galerie-marel.com\/fr\/wp-json\/wp\/v2\/product_brand?post=4938"},{"taxonomy":"product_cat","embeddable":true,"href":"https:\/\/galerie-marel.com\/fr\/wp-json\/wp\/v2\/product_cat?post=4938"},{"taxonomy":"product_tag","embeddable":true,"href":"https:\/\/galerie-marel.com\/fr\/wp-json\/wp\/v2\/product_tag?post=4938"}],"curies":[{"name":"wp","href":"https:\/\/api.w.org\/{rel}","templated":true}]}}