{"id":4960,"date":"2026-03-03T15:36:53","date_gmt":"2026-03-03T14:36:53","guid":{"rendered":"https:\/\/galerie-marel.com\/?post_type=product&#038;p=4960"},"modified":"2026-03-05T11:39:31","modified_gmt":"2026-03-05T10:39:31","slug":"knudsen-model-48-jensen-lykkegaard","status":"publish","type":"product","link":"https:\/\/galerie-marel.com\/fr\/collection\/knudsen-model-48-jensen-lykkegaard\/","title":{"rendered":"E. Knudsen, fauteuil mod\u00e8le 48 pour Jensen &amp; Lykkegaard. Danemark, C.1950"},"content":{"rendered":"<p data-start=\"206\" data-end=\"378\">Le fauteuil mod\u00e8le 48, dessin\u00e9 par E. Knudsen et \u00e9dit\u00e9 par Jensen &amp; Lykkegaard \u00e0 Odense, est un bel exemple du design organique et du savoir-faire danois du milieu du XXe si\u00e8cle.<\/p>\n<p data-start=\"380\" data-end=\"588\">Bien proportionn\u00e9, il se distingue par ses accoudoirs flottants en teck, compacts et sculpturaux, et par une large assise en cuir cognac. Le dossier en cannage tress\u00e9 apporte texture et l\u00e9g\u00e8ret\u00e9, contrastant avec les tons plus chauds du bois et du cuir.<\/p>\n<p data-start=\"590\" data-end=\"805\">Fabriqu\u00e9 en teck massif, cannage et nouveau garnissage en cuir, le fauteuil a \u00e9t\u00e9 soigneusement restaur\u00e9 et ne pr\u00e9sente qu\u2019une patine d'usage l\u00e9g\u00e8re, coh\u00e9rente avec son \u00e2ge.<\/p>\n<p data-start=\"807\" data-end=\"893\">Une pi\u00e8ce \u00e9l\u00e9gante, pouvant aussi bien \u00eatre utilis\u00e9e seule comme fauteuil d\u2019appoint qu\u2019autour d\u2019une table de salle \u00e0 manger ou \u00e0 un bureau.<\/p>","protected":false},"excerpt":{"rendered":"<dl class=\"product-meta\">\n<dt>Designer<\/dt>\n<dd>E. Knudsen<\/dd>\n<dt>Editeur<\/dt>\n<dd>Jensen &amp; Lykkegaard<\/dd>\n<dt>P\u00e9riode<\/dt>\n<dd>1950s<\/dd>\n<dt>\u00c9tat<\/dt>\n<dd>Tr\u00e8s bonne<\/dd>\n<dt>Dimensions<\/dt>\n<dd>L 57 x H 85 x P 57 \u2013 hauteur d'assise : 46 cm<\/dd>\n<dt>Mat\u00e9riaux<\/dt>\n<dd>Teck, cannage, cuir<\/dd>\n<\/dl>\n<p>&nbsp;<\/p>","protected":false},"featured_media":4976,"template":"","meta":{"site-sidebar-layout":"default","site-content-layout":"","ast-site-content-layout":"default","site-content-style":"default","site-sidebar-style":"default","ast-global-header-display":"","ast-banner-title-visibility":"","ast-main-header-display":"","ast-hfb-above-header-display":"","ast-hfb-below-header-display":"","ast-hfb-mobile-header-display":"","site-post-title":"","ast-breadcrumbs-content":"","ast-featured-img":"","footer-sml-layout":"","ast-disable-related-posts":"","theme-transparent-header-meta":"default","adv-header-id-meta":"","stick-header-meta":"","header-above-stick-meta":"","header-main-stick-meta":"","header-below-stick-meta":"","astra-migrate-meta-layouts":"set","ast-page-background-enabled":"default","ast-page-background-meta":{"desktop":{"background-color":"var(--ast-global-color-5)","background-image":"","background-repeat":"repeat","background-position":"center center","background-size":"auto","background-attachment":"scroll","background-type":"","background-media":"","overlay-type":"","overlay-color":"","overlay-opacity":"","overlay-gradient":""},"tablet":{"background-color":"","background-image":"","background-repeat":"repeat","background-position":"center center","background-size":"auto","background-attachment":"scroll","background-type":"","background-media":"","overlay-type":"","overlay-color":"","overlay-opacity":"","overlay-gradient":""},"mobile":{"background-color":"","background-image":"","background-repeat":"repeat","background-position":"center center","background-size":"auto","background-attachment":"scroll","background-type":"","background-media":"","overlay-type":"","overlay-color":"","overlay-opacity":"","overlay-gradient":""}},"ast-content-background-meta":{"desktop":{"background-color":"var(--ast-global-color-4)","background-image":"","background-repeat":"repeat","background-position":"center center","background-size":"auto","background-attachment":"scroll","background-type":"","background-media":"","overlay-type":"","overlay-color":"","overlay-opacity":"","overlay-gradient":""},"tablet":{"background-color":"var(--ast-global-color-4)","background-image":"","background-repeat":"repeat","background-position":"center center","background-size":"auto","background-attachment":"scroll","background-type":"","background-media":"","overlay-type":"","overlay-color":"","overlay-opacity":"","overlay-gradient":""},"mobile":{"background-color":"var(--ast-global-color-4)","background-image":"","background-repeat":"repeat","background-position":"center center","background-size":"auto","background-attachment":"scroll","background-type":"","background-media":"","overlay-type":"","overlay-color":"","overlay-opacity":"","overlay-gradient":""}}},"product_brand":[],"product_cat":[22],"product_tag":[],"class_list":{"0":"post-4960","1":"product","2":"type-product","3":"status-publish","4":"has-post-thumbnail","6":"product_cat-collection","7":"desktop-align-left","8":"tablet-align-left","9":"mobile-align-left","11":"first","12":"instock","13":"shipping-taxable","14":"purchasable","15":"product-type-simple"},"_links":{"self":[{"href":"https:\/\/galerie-marel.com\/fr\/wp-json\/wp\/v2\/product\/4960","targetHints":{"allow":["GET"]}}],"collection":[{"href":"https:\/\/galerie-marel.com\/fr\/wp-json\/wp\/v2\/product"}],"about":[{"href":"https:\/\/galerie-marel.com\/fr\/wp-json\/wp\/v2\/types\/product"}],"wp:featuredmedia":[{"embeddable":true,"href":"https:\/\/galerie-marel.com\/fr\/wp-json\/wp\/v2\/media\/4976"}],"wp:attachment":[{"href":"https:\/\/galerie-marel.com\/fr\/wp-json\/wp\/v2\/media?parent=4960"}],"wp:term":[{"taxonomy":"product_brand","embeddable":true,"href":"https:\/\/galerie-marel.com\/fr\/wp-json\/wp\/v2\/product_brand?post=4960"},{"taxonomy":"product_cat","embeddable":true,"href":"https:\/\/galerie-marel.com\/fr\/wp-json\/wp\/v2\/product_cat?post=4960"},{"taxonomy":"product_tag","embeddable":true,"href":"https:\/\/galerie-marel.com\/fr\/wp-json\/wp\/v2\/product_tag?post=4960"}],"curies":[{"name":"wp","href":"https:\/\/api.w.org\/{rel}","templated":true}]}}